{"id":1759,"date":"2024-06-04T09:02:11","date_gmt":"2024-06-04T09:02:11","guid":{"rendered":"https:\/\/hikiasy.org\/?page_id=1759"},"modified":"2024-07-22T13:48:23","modified_gmt":"2024-07-22T13:48:23","slug":"contact-us","status":"publish","type":"page","link":"https:\/\/hikiasy.org\/fr\/contact-us\/","title":{"rendered":"Contactez-nous"},"content":{"rendered":"<div data-elementor-type=\"wp-page\" data-elementor-id=\"1759\" class=\"elementor elementor-1759\" data-elementor-settings=\"{&quot;ha_cmc_init_switcher&quot;:&quot;no&quot;}\">\n\t\t\t\t<div class=\"elementor-element elementor-element-7b673bd e-flex e-con-boxed wpr-particle-no wpr-jarallax-no wpr-parallax-no wpr-sticky-section-no wpr-equal-height-no e-con e-parent\" data-id=\"7b673bd\" data-element_type=\"container\" data-e-type=\"container\" data-settings=\"{&quot;_ha_eqh_enable&quot;:false}\">\n\t\t\t\t\t<div class=\"e-con-inner\">\n\t\t\t\t<div class=\"elementor-element elementor-element-fc034cd elementor-widget elementor-widget-shortcode\" data-id=\"fc034cd\" data-element_type=\"widget\" data-e-type=\"widget\" data-widget_type=\"shortcode.default\">\n\t\t\t\t<div class=\"elementor-widget-container\">\n\t\t\t\t\t\t\t<div class=\"elementor-shortcode\"><div class=\"forminator-ui forminator-custom-form forminator-custom-form-1829 forminator-design--material  forminator_ajax\" data-forminator-render=\"0\" data-form=\"forminator-module-1829\" data-uid=\"69e4625b304cf\"><br\/><\/div><form\n\t\t\t\tid=\"forminator-module-1829\"\n\t\t\t\tclass=\"forminator-ui forminator-custom-form forminator-custom-form-1829 forminator-design--material  forminator_ajax\"\n\t\t\t\tmethod=\"post\"\n\t\t\t\tdata-forminator-render=\"0\"\n\t\t\t\tdata-form-id=\"1829\"\n\t\t\t\t data-color-option=\"default\" data-design=\"material\" data-grid=\"open\" style=\"display: none;\"\n\t\t\t\tdata-uid=\"69e4625b304cf\" action=\"\"\n\t\t\t><div role=\"alert\" aria-live=\"polite\" class=\"forminator-response-message forminator-error\" aria-hidden=\"true\"><\/div><div class=\"forminator-row\"><div id=\"select-1\" class=\"forminator-field-select forminator-col forminator-col-12\"><div class=\"forminator-field\"><label for=\"forminator-form-1829__field--select-1_69e4625b304cf\" id=\"forminator-form-1829__field--select-1_69e4625b304cf-label\" class=\"forminator-label\">On discute ou on cr\u00e9e<\/label><select  id=\"forminator-form-1829__field--select-1_69e4625b304cf\" class=\"forminator-select--field forminator-select2 forminator-select2-multiple\" data-required=\"\" name=\"select-1\" data-default-value=\"\" data-hidden-behavior=\"zero\" data-placeholder=\"\" data-search=\"false\" data-search-placeholder=\"\" data-checkbox=\"false\" data-allow-clear=\"false\" aria-labelledby=\"forminator-form-1829__field--select-1_69e4625b304cf-label\"><option value=\"one\"  data-calculation=\"0\">Planifier une r\u00e9union : Echange d'id\u00e9e en face \u00e0 face<\/option><option value=\"two\"  data-calculation=\"0\">Partagez votre r\u00eave artistique : Racontez-nous votre projet !<\/option><\/select><\/div><\/div><\/div><div class=\"forminator-row\"><div id=\"date-1\" class=\"forminator-field-date forminator-col forminator-col-12\"><div class=\"forminator-field\"><label for=\"forminator-field-date-1-picker_69e4625b304cf\" id=\"forminator-field-date-1-picker_69e4625b304cf-label\" class=\"forminator-label\">Rendez-vous !<\/label><div class=\"forminator-input-with-icon\"><span class=\"forminator-icon-calendar\" aria-hidden=\"true\"><\/span><input autocomplete=\"off\" type=\"text\" size=\"1\" name=\"date-1\" value=\"\" placeholder=\"Soyons cr\u00e9atifs !\" id=\"forminator-field-date-1-picker_69e4625b304cf\" class=\"forminator-input forminator-datepicker\" data-required=\"\" data-format=\"mm\/dd\/yy\" data-restrict-type=\"\" data-restrict=\"\" data-start-year=\"1926\" data-end-year=\"2126\" data-past-dates=\"enable\" data-start-of-week=\"1\" data-start-date=\"\" data-end-date=\"\" data-start-field=\"\" data-end-field=\"\" data-start-offset=\"\" data-end-offset=\"\" data-disable-date=\"\" data-disable-range=\"\" aria-describedby=\"forminator-field-date-1-picker_69e4625b304cf-description\" \/><\/div><span id=\"forminator-field-date-1-picker_69e4625b304cf-description\" class=\"forminator-description\">C'est le moment d'\u00eatre cr\u00e9atif ! Choisissez votre cr\u00e9neau de rendez-vous<\/span><\/div><\/div><\/div><div class=\"forminator-row\"><div id=\"textarea-1\" class=\"forminator-field-textarea forminator-col forminator-col-12\"><div class=\"forminator-field\"><label for=\"forminator-field-textarea-1_69e4625b304cf\" id=\"forminator-field-textarea-1_69e4625b304cf-label\" class=\"forminator-label\">Partagez-nous votre r\u00eave artistique<\/label><textarea name=\"textarea-1\" placeholder=\"Pour nous aider \u00e0 comprendre votre vision, veuillez nous donner autant de d\u00e9tails que vous le souhaitez dans les domaines suivants:Id\u00e9e de projet : d\u00e9crivez bri\u00e8vement votre projet en une ou deux phrases. Quel type d&#039;art vous int\u00e9resse ? Quel est le message central ou le th\u00e8me que vous souhaitez transmettre ? Public cible : Qui, selon vous, pourrait d\u00e9couvrir l&#039;\u0153uvre d&#039;art ? Impact souhait\u00e9 : Quel type d&#039;impact esp\u00e9rez-vous que le projet aura ? Inspiration : Avez-vous des r\u00e9f\u00e9rences existantes qui inspirent votre projet ? (N&#039;h\u00e9sitez pas \u00e0 partager des liens)Calendrier du projet : Avez-vous un calendrier pr\u00e9cis pour la r\u00e9alisation de votre projet ? Budget : Avez-vous un budget en t\u00eate pour ce projet ? (Facultatif)Autre chose ? Y a-t-il autre chose que vous souhaitez nous dire \u00e0 propos de votre r\u00eave artistique ? Ne vous retenez pas - plus vous nous donnerez de d\u00e9tails, mieux nous pourrons comprendre votre vision et vous guider tout au long du processus de cr\u00e9ation.\" id=\"forminator-field-textarea-1_69e4625b304cf\" class=\"forminator-textarea\" rows=\"6\" style=\"min-height:140px;\" aria-describedby=\"forminator-field-textarea-1_69e4625b304cf-description\" ><\/textarea><span id=\"forminator-field-textarea-1_69e4625b304cf-description\" class=\"forminator-description\">Bienvenue sur votre terrain de jeu cr\u00e9atif ! C'est l'endroit o\u00f9 vous pouvez parler de votre r\u00eave artistique, du projet que vous avez envie de r\u00e9aliser. Qu'il s'agisse d'une peinture murale, d'une performance, d'une installation artistique communautaire ou de quelque chose d'enti\u00e8rement nouveau, nous sommes l\u00e0 pour vous \u00e9couter et collaborer.<\/span><\/div><\/div><\/div><div class=\"forminator-row\"><div id=\"text-1\" class=\"forminator-field-text forminator-col forminator-col-12\"><div class=\"forminator-field\"><label for=\"forminator-field-text-1_69e4625b304cf\" id=\"forminator-field-text-1_69e4625b304cf-label\" class=\"forminator-label\">Autre choses?<\/label><input type=\"text\" name=\"text-1\" value=\"\" placeholder=\"\" id=\"forminator-field-text-1_69e4625b304cf\" class=\"forminator-input forminator-name--field\" data-required=\"\" aria-describedby=\"forminator-field-text-1_69e4625b304cf-description\" \/><span id=\"forminator-field-text-1_69e4625b304cf-description\" class=\"forminator-description\">N'h\u00e9sitez pas \u00e0 nous demander tout ce que vous voulez savoir ou \u00e0 discuter avec nous.<\/span><\/div><\/div><\/div><div class=\"forminator-row\"><div id=\"group-1\" class=\"forminator-field-group forminator-col forminator-col-12\"><label class=\"forminator-label forminator-repeater-label\">Nous voulons entrer en contact avec vous.<\/label><div class=\"forminator-all-group-copies forminator-repeater-field\"><div class=\"forminator-grouped-fields\" data-options=\"{&quot;is_repeater&quot;:true,&quot;min_type&quot;:&quot;custom&quot;,&quot;max_type&quot;:&quot;custom&quot;,&quot;min&quot;:1,&quot;max&quot;:9223372036854775807,&quot;add_text&quot;:&quot;Ajouter un \\u00e9l\\u00e9ment&quot;,&quot;remove_text&quot;:&quot;Retirer l\\u2018\\u00e9l\\u00e9ment&quot;,&quot;action_element_type&quot;:&quot;button&quot;}\"><div class=\"forminator-row\"><div id=\"name-1\" class=\"forminator-field-name forminator-col forminator-col-12\"><div class=\"forminator-field\"><label for=\"forminator-field-name-1_69e4625b304cf\" id=\"forminator-field-name-1_69e4625b304cf-label\" class=\"forminator-label\">Nom<\/label><input type=\"text\" name=\"name-1\" value=\"\" placeholder=\"E.g. John Doe\" id=\"forminator-field-name-1_69e4625b304cf\" class=\"forminator-input forminator-name--field\" aria-required=\"false\" autocomplete=\"name\" \/><\/div><\/div><\/div><div class=\"forminator-row\"><div id=\"email-1\" class=\"forminator-field-email forminator-col forminator-col-6\"><div class=\"forminator-field\"><label for=\"forminator-field-email-1_69e4625b304cf\" id=\"forminator-field-email-1_69e4625b304cf-label\" class=\"forminator-label\">Adresse Email<\/label><input type=\"email\" name=\"email-1\" value=\"\" placeholder=\"E.g. john@doe.com\" id=\"forminator-field-email-1_69e4625b304cf\" class=\"forminator-input forminator-email--field\" data-required=\"\" aria-required=\"false\" autocomplete=\"email\" \/><\/div><\/div><div id=\"phone-1\" class=\"forminator-field-phone forminator-col forminator-col-6\"><div class=\"forminator-field\"><label for=\"forminator-field-phone-1_69e4625b304cf\" id=\"forminator-field-phone-1_69e4625b304cf-label\" class=\"forminator-label\">T\u00e9l\u00e9phone<\/label><input type=\"text\" name=\"phone-1\" value=\"\" placeholder=\"E.g. +1 300 400 5000\" id=\"forminator-field-phone-1_69e4625b304cf\" class=\"forminator-input forminator-field--phone\" data-required=\"\" aria-required=\"false\" autocomplete=\"off\" \/><\/div><\/div><\/div><div class=\"forminator-row forminator-action-buttons\"><div class=\"forminator-col forminator-col-12\"><input type=\"button\" value=\"Ajouter un \u00e9l\u00e9ment\" class=\"forminator-repeater-action-button forminator-repeater-add\" \/><input type=\"button\" value=\"Retirer l\u2018\u00e9l\u00e9ment\" class=\"forminator-repeater-action-button forminator-repeater-remove\" \/><\/div><\/div><\/div><\/div><\/div><\/div><input type=\"hidden\" name=\"referer_url\" value=\"\" \/><div class=\"forminator-row forminator-row-last\"><div class=\"forminator-col\"><div class=\"forminator-field\"><button class=\"forminator-button forminator-button-submit\"><span>Envoyer<\/span><span aria-hidden=\"true\"><\/span><\/button><\/div><\/div><\/div><input type=\"hidden\" id=\"forminator_nonce\" name=\"forminator_nonce\" value=\"443c4e0f93\" \/><input type=\"hidden\" name=\"_wp_http_referer\" value=\"\/fr\/wp-json\/wp\/v2\/pages\/1759\" \/><input type=\"hidden\" name=\"form_id\" value=\"1829\"><input type=\"hidden\" name=\"page_id\" value=\"1759\"><input type=\"hidden\" name=\"form_type\" value=\"default\"><input type=\"hidden\" name=\"current_url\" value=\"https:\/\/hikiasy.org\/fr\/contact-us\/\"><input type=\"hidden\" name=\"render_id\" value=\"0\"><input type=\"hidden\" name=\"action\" value=\"forminator_submit_form_custom-forms\"><input type=\"hidden\" name=\"trp-form-language\" value=\"fr\"\/><\/form><\/div>\n\t\t\t\t\t\t<\/div>\n\t\t\t\t<\/div>\n\t\t\t\t\t<\/div>\n\t\t\t\t<\/div>\n\t\t\t\t<\/div>","protected":false},"excerpt":{"rendered":"","protected":false},"author":1,"featured_media":0,"parent":0,"menu_order":0,"comment_status":"closed","ping_status":"closed","template":"","meta":{"_acf_changed":false,"_uag_custom_page_level_css":"","site-sidebar-layout":"no-sidebar","site-content-layout":"page-builder","ast-site-content-layout":"full-width-container","site-content-style":"default","site-sidebar-style":"default","ast-global-header-display":"","ast-banner-title-visibility":"","ast-main-header-display":"","ast-hfb-above-header-display":"","ast-hfb-below-header-display":"","ast-hfb-mobile-header-display":"","site-post-title":"disabled","ast-breadcrumbs-content":"","ast-featured-img":"disabled","footer-sml-layout":"","theme-transparent-header-meta":"","adv-header-id-meta":"","stick-header-meta":"","header-above-stick-meta":"","header-main-stick-meta":"","header-below-stick-meta":"","astra-migrate-meta-layouts":"set","ast-page-background-enabled":"default","ast-page-background-meta":{"desktop":{"background-color":"","background-image":"","background-repeat":"repeat","background-position":"center center","background-size":"auto","background-attachment":"scroll","background-type":"","background-media":"","overlay-type":"","overlay-color":"","overlay-opacity":"","overlay-gradient":""},"tablet":{"background-color":"","background-image":"","background-repeat":"repeat","background-position":"center center","background-size":"auto","background-attachment":"scroll","background-type":"","background-media":"","overlay-type":"","overlay-color":"","overlay-opacity":"","overlay-gradient":""},"mobile":{"background-color":"","background-image":"","background-repeat":"repeat","background-position":"center center","background-size":"auto","background-attachment":"scroll","background-type":"","background-media":"","overlay-type":"","overlay-color":"","overlay-opacity":"","overlay-gradient":""}},"ast-content-background-meta":{"desktop":{"background-color":"var(--ast-global-color-5)","background-image":"","background-repeat":"repeat","background-position":"center center","background-size":"auto","background-attachment":"scroll","background-type":"","background-media":"","overlay-type":"","overlay-color":"","overlay-opacity":"","overlay-gradient":""},"tablet":{"background-color":"var(--ast-global-color-5)","background-image":"","background-repeat":"repeat","background-position":"center center","background-size":"auto","background-attachment":"scroll","background-type":"","background-media":"","overlay-type":"","overlay-color":"","overlay-opacity":"","overlay-gradient":""},"mobile":{"background-color":"var(--ast-global-color-5)","background-image":"","background-repeat":"repeat","background-position":"center center","background-size":"auto","background-attachment":"scroll","background-type":"","background-media":"","overlay-type":"","overlay-color":"","overlay-opacity":"","overlay-gradient":""}},"iawp_total_views":41,"footnotes":""},"class_list":["post-1759","page","type-page","status-publish","hentry"],"acf":[],"uagb_featured_image_src":{"full":false,"thumbnail":false,"medium":false,"medium_large":false,"large":false,"1536x1536":false,"2048x2048":false,"trp-custom-language-flag":false},"uagb_author_info":{"display_name":"hikiasy.com","author_link":"https:\/\/hikiasy.org\/fr\/author\/hikiasy-com\/"},"uagb_comment_info":0,"uagb_excerpt":null,"_links":{"self":[{"href":"https:\/\/hikiasy.org\/fr\/wp-json\/wp\/v2\/pages\/1759","targetHints":{"allow":["GET"]}}],"collection":[{"href":"https:\/\/hikiasy.org\/fr\/wp-json\/wp\/v2\/pages"}],"about":[{"href":"https:\/\/hikiasy.org\/fr\/wp-json\/wp\/v2\/types\/page"}],"author":[{"embeddable":true,"href":"https:\/\/hikiasy.org\/fr\/wp-json\/wp\/v2\/users\/1"}],"replies":[{"embeddable":true,"href":"https:\/\/hikiasy.org\/fr\/wp-json\/wp\/v2\/comments?post=1759"}],"version-history":[{"count":8,"href":"https:\/\/hikiasy.org\/fr\/wp-json\/wp\/v2\/pages\/1759\/revisions"}],"predecessor-version":[{"id":1983,"href":"https:\/\/hikiasy.org\/fr\/wp-json\/wp\/v2\/pages\/1759\/revisions\/1983"}],"wp:attachment":[{"href":"https:\/\/hikiasy.org\/fr\/wp-json\/wp\/v2\/media?parent=1759"}],"curies":[{"name":"wp","href":"https:\/\/api.w.org\/{rel}","templated":true}]}}